{"id":10765,"date":"2023-01-21T23:09:41","date_gmt":"2023-01-21T22:09:41","guid":{"rendered":"https:\/\/www.b-medic.ch\/e-boutique\/uncategorized\/prp\/"},"modified":"2023-01-21T23:09:42","modified_gmt":"2023-01-21T22:09:42","slug":"prp","status":"publish","type":"product","link":"https:\/\/www.b-medic.ch\/en\/e-boutique\/aesthetic-medicine\/prp\/","title":{"rendered":"PRP"},"content":{"rendered":"<p class=\"font_7\">PRP or platelet-enriched plasma is collected from a blood sample. This is then centrifuged. Centrifugation allows the separation of red blood cells from plasma. This will be collected in special tubes before being injected into the face.<\/p>\n<div class=\"accordion\">\n\t<div id=\"accordion-2635974088\" class=\"accordion-item\">\n\t\t<a id=\"accordion-2635974088-label\" class=\"accordion-title plain\" href=\"#accordion-item-what-are-the-indications?\" aria-expanded=\"false\" aria-controls=\"accordion-2635974088-content\">\n\t\t\t<button class=\"toggle\" aria-label=\"Toggle\"><i class=\"icon-angle-down\" aria-hidden=\"true\"><\/i><\/button>\n\t\t\t<span>What are the indications?<\/span>\n\t\t<\/a>\n\t\t<div id=\"accordion-2635974088-content\" class=\"accordion-inner\" aria-labelledby=\"accordion-2635974088-label\">\n\t\t\t\n<p>The PRP injection treatment is suitable for both women and men who wish to achieve overall facial rejuvenation.<\/p>\n<p>It is effective in the treatment of dark circles.<\/p>\n<p>It will also be useful for the stimulation of the hair follicles, in case of early hair loss.<\/p>\n\t\t<\/div>\n\t<\/div>\n\t\n\t<div id=\"accordion-1050163809\" class=\"accordion-item\">\n\t\t<a id=\"accordion-1050163809-label\" class=\"accordion-title plain\" href=\"#accordion-item-where-and-how?\" aria-expanded=\"false\" aria-controls=\"accordion-1050163809-content\">\n\t\t\t<button class=\"toggle\" aria-label=\"Toggle\"><i class=\"icon-angle-down\" aria-hidden=\"true\"><\/i><\/button>\n\t\t\t<span>Where and how?<\/span>\n\t\t<\/a>\n\t\t<div id=\"accordion-1050163809-content\" class=\"accordion-inner\" aria-labelledby=\"accordion-1050163809-label\">\n\t\t\t\n<p>The doctor will first establish a precise and personalized diagnosis during the first consultation, and an adapted procedure will be chosen according to this diagnosis and your objectives.<\/p>\n<p>One hour before the treatment, depending on the individual&#8217;s level of sensitivity, an anaesthetic cream can be applied by the doctor or by the patient to the area to be treated. The treatment lasts 30 to 45 minutes on average, depending on the areas to be treated.<\/p>\n<p>After the injection, a cooling mask is applied to relieve the swelling and redness, which will disappear in the hours following the injection.<\/p>\n<p>The patient goes home as soon as the session is over, there is no social eviction period.  <\/p>\n\t\t<\/div>\n\t<\/div>\n\t\n\t<div id=\"accordion-393262853\" class=\"accordion-item\">\n\t\t<a id=\"accordion-393262853-label\" class=\"accordion-title plain\" href=\"#accordion-item-information-by-zone\" aria-expanded=\"false\" aria-controls=\"accordion-393262853-content\">\n\t\t\t<button class=\"toggle\" aria-label=\"Toggle\"><i class=\"icon-angle-down\" aria-hidden=\"true\"><\/i><\/button>\n\t\t\t<span>Information by zone<\/span>\n\t\t<\/a>\n\t\t<div id=\"accordion-393262853-content\" class=\"accordion-inner\" aria-labelledby=\"accordion-393262853-label\">\n\t\t\t\n<p><span data-sheets-value=\"{\"1\":2,\"2\":\"CHEVEUXn\u00b0 stimule la repousse des follicules pileuxn\u00b0 renforce le bulbenn5 s\u00e9ances \u00e0 raison 1 s\u00e9ance par mois nnVISAGEn\u00b0 am\u00e9lioration de la qualit\u00e9 de la peaun\u00b0 Meilleur teintnn4 seances \u00e0 raison d une seance toutes les 3 semainesnnCERNESn3 seances \u00e0 raison d une seance tous les 15 joursnn\"}\" data-sheets-userformat=\"{\"2\":311296,\"17\":0,\"18\":0,\"21\":0}\"><strong>For the hair  <\/strong><\/span><\/p>\n<p><span data-sheets-value=\"{\"1\":2,\"2\":\"CHEVEUXn\u00b0 stimule la repousse des follicules pileuxn\u00b0 renforce le bulbenn5 s\u00e9ances \u00e0 raison 1 s\u00e9ance par mois nnVISAGEn\u00b0 am\u00e9lioration de la qualit\u00e9 de la peaun\u00b0 Meilleur teintnn4 seances \u00e0 raison d une seance toutes les 3 semainesnnCERNESn3 seances \u00e0 raison d une seance tous les 15 joursnn\"}\" data-sheets-userformat=\"{\"2\":311296,\"17\":0,\"18\":0,\"21\":0}\">&#8211; Stimulates the regrowth of hair follicles<br \/>&#8211; strengthens the bulb<\/span><\/p>\n<p>5 sessions at a rate of one session per month<\/p>\n<p><strong>For the face  <\/strong><\/p>\n<p>&#8211; Contributes to an improvement in the quality of the skin<br \/>&#8211; Contributes to a more even skin tone  <\/p>\n<p>4 sessions at a rate of one session every 3 weeks<\/p>\n<p><strong>For the eye area<\/strong><\/p>\n<p>Contributes to the reduction of dark circles<\/p>\n<p>3 sessions at a rate of one session every 15 days<\/p>\n\t\t<\/div>\n\t<\/div>\n\t\n\t<div id=\"accordion-446882860\" class=\"accordion-item\">\n\t\t<a id=\"accordion-446882860-label\" class=\"accordion-title plain\" href=\"#accordion-item-what-is-the-price?\" aria-expanded=\"false\" aria-controls=\"accordion-446882860-content\">\n\t\t\t<button class=\"toggle\" aria-label=\"Toggle\"><i class=\"icon-angle-down\" aria-hidden=\"true\"><\/i><\/button>\n\t\t\t<span>What is the price?<\/span>\n\t\t<\/a>\n\t\t<div id=\"accordion-446882860-content\" class=\"accordion-inner\" aria-labelledby=\"accordion-446882860-label\">\n\t\t\t\n<p>From 500.00 \/ session.<\/p>\n\t\t<\/div>\n\t<\/div>\n\t\n<\/div>\n","protected":false},"excerpt":{"rendered":"<p class=\"font_7\">PRP or platelet-enriched plasma is a product collected from your own blood by simply drawing blood. The blood is then centrifuged. Centrifugation allows the separation of red blood cells from plasma. This is collected in special tubes and can be mixed with hyaluronic acid. Plasma and hyaluronic acid will be injected as a volumizer in the face but also allows to act on the skin in order to improve its structure (on the hands to reduce pigmented spots; on the dark circles to lighten and give a better complexion, to stimulate hair growth&#8230;).<\/p>\n","protected":false},"featured_media":0,"template":"","meta":[],"product_brand":[],"product_cat":[517],"product_tag":[],"class_list":{"0":"post-10765","1":"product","2":"type-product","3":"status-publish","5":"product_cat-aesthetic-medicine","7":"first","8":"instock","9":"taxable","10":"shipping-taxable","11":"product-type-external"},"_links":{"self":[{"href":"https:\/\/www.b-medic.ch\/en\/wp-json\/wp\/v2\/product\/10765","targetHints":{"allow":["GET"]}}],"collection":[{"href":"https:\/\/www.b-medic.ch\/en\/wp-json\/wp\/v2\/product"}],"about":[{"href":"https:\/\/www.b-medic.ch\/en\/wp-json\/wp\/v2\/types\/product"}],"wp:attachment":[{"href":"https:\/\/www.b-medic.ch\/en\/wp-json\/wp\/v2\/media?parent=10765"}],"wp:term":[{"taxonomy":"product_brand","embeddable":true,"href":"https:\/\/www.b-medic.ch\/en\/wp-json\/wp\/v2\/product_brand?post=10765"},{"taxonomy":"product_cat","embeddable":true,"href":"https:\/\/www.b-medic.ch\/en\/wp-json\/wp\/v2\/product_cat?post=10765"},{"taxonomy":"product_tag","embeddable":true,"href":"https:\/\/www.b-medic.ch\/en\/wp-json\/wp\/v2\/product_tag?post=10765"}],"curies":[{"name":"wp","href":"https:\/\/api.w.org\/{rel}","templated":true}]}}